{"id":245353,"date":"2020-03-11T10:57:58","date_gmt":"2020-03-11T09:57:58","guid":{"rendered":"https:\/\/eaaze.de\/?page_id=245353"},"modified":"2025-10-24T15:16:28","modified_gmt":"2025-10-24T13:16:28","slug":"impressum","status":"publish","type":"page","link":"https:\/\/eaaze.de\/en\/impressum\/","title":{"rendered":"Imprint"},"content":{"rendered":"<p>[et_pb_section fb_built=&#8221;1&#8243; _builder_version=&#8221;4.27.4&#8243; background_enable_color=&#8221;off&#8221; global_colors_info=&#8221;{%22gcid-bc815c5a-552a-42af-8248-4cd7d025f63c%22:%91%22top_divider_color%22,%22colorStart%22%93,%22gcid-e1cbbe2b-75be-4b42-80d3-690e2ae21987%22:%91%22colorEnd%22%93}&#8221;][et_pb_row column_structure=&#8221;1_2,1_2&#8243; _builder_version=&#8221;4.27.4&#8243; max_width=&#8221;800px&#8221; global_colors_info=&#8221;{}&#8221;][et_pb_column type=&#8221;1_2&#8243; _builder_version=&#8221;4.16&#8243; global_colors_info=&#8221;{}&#8221;][et_pb_text _builder_version=&#8221;4.27.4&#8243; custom_margin=&#8221;||||false|false&#8221; global_colors_info=&#8221;{}&#8221;]<\/p>\n<h1>Imprint<\/h1>\n<p>[\/et_pb_text][et_pb_text _builder_version=&#8221;4.27.4&#8243; global_colors_info=&#8221;{}&#8221;]<\/p>\n<h4>Responsible for the content<\/h4>\n<p><strong>EAAZE GmbH<\/strong><\/p>\n<p>Am Mittelhafen 32<br \/>D-48155 M\u00fcnster<\/p>\n<p>Telephone: +49 251 37809780<\/p>\n<p>Email: <a href=\"mailto:info@eaaze.de\">info@eaaze.de<br \/><\/a>Internet:\u00a0<a href=\"https:\/\/www.eaaze.de\/\" target=\"_blank\" rel=\"noopener noreferrer\">www.eaaze.de<\/a><\/p>\n<p><a href=\"https:\/\/www.avency.de\/\" target=\"_blank\" rel=\"noopener noreferrer\"><br \/><\/a>Legal form: Limited liability company (GmbH)<br \/>Managing Director: Roland Albers<br \/>Commercial register: M\u00fcnster Local Court, HRB 19578<\/p>\n<p>VAT ID No.: DE317256909<br \/>Tax No.: 5346\/5840\/2838<\/p>\n<p>If you have any questions, suggestions or technical problems, please send an email to <a href=\"mailto:info@eaaze.de\">info@eaaze.de<\/a><\/p>\n<p>[\/et_pb_text][\/et_pb_column][et_pb_column type=&#8221;1_2&#8243; _builder_version=&#8221;4.16&#8243; global_colors_info=&#8221;{}&#8221;][\/et_pb_column][\/et_pb_row][et_pb_row _builder_version=&#8221;4.27.4&#8243; max_width=&#8221;800px&#8221; global_colors_info=&#8221;{}&#8221;][et_pb_column type=&#8221;4_4&#8243; _builder_version=&#8221;4.16&#8243; global_colors_info=&#8221;{}&#8221;][et_pb_text _builder_version=&#8221;4.27.4&#8243; custom_margin=&#8221;||||false|false&#8221; custom_margin_tablet=&#8221;&#8221; custom_margin_phone=&#8221;&#8221; custom_margin_last_edited=&#8221;on|phone&#8221; custom_padding=&#8221;||||false|false&#8221; global_colors_info=&#8221;{}&#8221;]<\/p>\n<h2 class=\"csc-default-inner\">Legal notices<\/h2>\n<p>&nbsp;<\/p>\n<p>[\/et_pb_text][et_pb_text _builder_version=&#8221;4.27.4&#8243; global_colors_info=&#8221;{}&#8221;]<\/p>\n<h4>Copyright<\/h4>\n<p>EAAZE GmbH endeavours to observe the copyrights of the graphics, sound documents, video sequences and texts used in all publications, to use graphics, sound documents, video sequences and texts created by itself or to make use of licence-free graphics, sound documents, video sequences and texts. All brands mentioned on the website and possibly protected by third parties are subject without restriction to the provisions of the applicable trademark law and the ownership rights of the respective registered owners. The copyright for published objects created by us remains solely with us as the author of the pages. Any reproduction or use of such graphics, audio files, video sequences and texts in other electronic or printed publications is not permitted without our express consent. The right to use published objects created by EAAZE GmbH employees themselves or acquired by EAAZE GmbH that are protected by copyright remains solely with EAAZE GmbH. Any reproduction or use of such graphics, audio files, video sequences and texts in other electronic or printed publications is not permitted without the express consent of EAAZE GmbH.<\/p>\n<p>&nbsp;<\/p>\n<p>[\/et_pb_text][et_pb_text _builder_version=&#8221;4.27.4&#8243; global_colors_info=&#8221;{}&#8221;]<\/p>\n<h4>Liability<\/h4>\n<p>EAAZE GmbH accepts no responsibility for the completeness, currency or quality of the information provided. Liability claims against EAAZE GmbH for damages caused by the use or non-use of the information provided or by the use of incorrect or incomplete information are excluded. All offers are to be understood as \u2018Invitatio ad offerendum\u2019 (invitation to submit an offer). Content on external websites referred to by direct or indirect links is outside the area of responsibility of EAAZE GmbH. EAAZE GmbH declares that at the time the links were created, the linked pages were free of illegal content. Should inadmissible content be added after the link has been set, EAAZE GmbH expressly distances itself from such content. Upon becoming aware of such content, EAAZE GmbH will remove the relevant links immediately. This also applies to all third-party entries in guest books, discussion forums, etc. set up by EAAZE GmbH.<\/p>\n<p>[\/et_pb_text][\/et_pb_column][\/et_pb_row][\/et_pb_section]<\/p>\n","protected":false},"excerpt":{"rendered":"<p>ImprintResponsible for the content EAAZE GmbH Am Mittelhafen 32D-48155 M\u00fcnster Telephone: +49 251 37809780 Email: info@eaaze.deInternet:\u00a0www.eaaze.de Legal form: Limited liability company (GmbH)Managing Director: Roland AlbersCommercial register: M\u00fcnster Local Court, HRB 19578 VAT ID No.: DE317256909Tax No.: 5346\/5840\/2838 If you have any questions, suggestions or technical problems, please send an email to info@eaaze.deLegal notices &nbsp;Copyright EAAZE [&hellip;]<\/p>\n","protected":false},"author":2,"featured_media":0,"parent":0,"menu_order":0,"comment_status":"closed","ping_status":"closed","template":"","meta":{"_acf_changed":false,"_et_pb_use_builder":"on","_et_pb_old_content":"<p>[et_pb_section fb_built=\"1\" _builder_version=\"4.27.4\" hover_enabled=\"0\" global_colors_info=\"{%22gcid-bc815c5a-552a-42af-8248-4cd7d025f63c%22:%91%22top_divider_color%22,%22colorStart%22%93,%22gcid-e1cbbe2b-75be-4b42-80d3-690e2ae21987%22:%91%22colorEnd%22%93}\" background_enable_color=\"off\" sticky_enabled=\"0\"][et_pb_row column_structure=\"1_2,1_2\" _builder_version=\"4.27.4\" hover_enabled=\"0\" global_colors_info=\"{}\" max_width=\"800px\" sticky_enabled=\"0\"][et_pb_column type=\"1_2\" _builder_version=\"4.16\" global_colors_info=\"{}\"][et_pb_text _builder_version=\"4.27.4\" custom_margin=\"||||false|false\" hover_enabled=\"0\" global_colors_info=\"{}\" sticky_enabled=\"0\"]<\/p><h1>Impressum<\/h1><p>[\/et_pb_text][et_pb_text _builder_version=\"4.27.4\" hover_enabled=\"0\" global_colors_info=\"{}\" sticky_enabled=\"0\"]<\/p><h4>Verantwortlich f\u00fcr den Inhalt<\/h4><p><strong>EAAZE GmbH<\/strong><\/p><p>Am Mittelhafen 32<br \/>D-48155 M\u00fcnster<\/p><p>Telefon: +49 251 37809780<\/p><p>E-Mail:\u00a0<a href=\"mailto:info@eaaze.de\">info@eaaze.de<br \/><\/a>Internet:\u00a0<a href=\"https:\/\/www.eaaze.de\/\" target=\"_blank\" rel=\"noopener noreferrer\">www.eaaze.de<\/a><\/p><p><a href=\"https:\/\/www.avency.de\/\" target=\"_blank\" rel=\"noopener noreferrer\"><br \/><\/a>Rechtsform: GmbH<br \/>Gesch\u00e4ftsf\u00fchrer: Roland Albers<br \/>Handelsregister: Amtsgericht M\u00fcnster, HRB <span class=\"fontstyle0\">19578<\/span><\/p><p>USt.-IdNr.: DE317256909<br \/>FA Steuernr.: <span class=\"fontstyle0\">5346\/5840\/2838<\/span><\/p><p>Bei R\u00fcckfragen, Anregungen oder eventuellen technischen Problemen senden Sie bitte eine E-Mail an\u00a0<a href=\"mailto:info@eaaze.de\">info@eaaze.de<\/a><\/p><p>[\/et_pb_text][\/et_pb_column][et_pb_column type=\"1_2\" _builder_version=\"4.16\" global_colors_info=\"{}\"][\/et_pb_column][\/et_pb_row][et_pb_row _builder_version=\"4.27.4\" hover_enabled=\"0\" global_colors_info=\"{}\" max_width=\"800px\" sticky_enabled=\"0\"][et_pb_column type=\"4_4\" _builder_version=\"4.16\" global_colors_info=\"{}\"][et_pb_text _builder_version=\"4.16\" custom_margin=\"||||false|false\" custom_margin_tablet=\"\" custom_margin_phone=\"\" custom_margin_last_edited=\"on|phone\" custom_padding=\"||||false|false\" global_colors_info=\"{}\"]<\/p><h2 class=\"csc-default-inner\">Rechtliche Hinweise<\/h2><p>[\/et_pb_text][et_pb_text _builder_version=\"4.16\" global_colors_info=\"{}\"]<\/p><h5 id=\"c1193\" class=\"csc-default\">Urheberrecht<\/h5><p class=\"csc-default\">Die EAAZE GmbH ist bestrebt, in allen Publikationen die Urheberrechte der verwendeten Grafiken, Tondokumente, Videosequenzen und Texte zu beachten, von ihr selbst erstellte Grafiken, Tondokumente, Videosequenzen und Texte zu nutzen oder auf lizenzfreie Grafiken, Tondokumente, Videosequenzen und Texte zur\u00fcckzugreifen. Alle innerhalb des Internetangebotes genannten und ggf. durch Dritte gesch\u00fctzten Marken unterliegen uneingeschr\u00e4nkt den Bestimmungen des jeweils g\u00fcltigen Kennzeichenrechts und den Eigentumsrechten der jeweiligen eingetragenen Eigent\u00fcmer. Das Copyright f\u00fcr ver\u00f6ffentlichte, von uns selbst erstellte Objekte verbleibt allein bei uns als Autor der Seiten. Eine Vervielf\u00e4ltigung oder Verwendung solcher Grafiken, Tondokumente, Videosequenzen und Texte in anderen elektronischen oder gedruckten Publikationen ist ohne unsere ausdr\u00fcckliche Zustimmung nicht gestattet. Das Nutzungsrecht f\u00fcr ver\u00f6ffentlichte, von Mitarbeitern der EAAZE GmbH selbst erstellter oder von EAAZE GmbH erworbener urheberrechtlich gesch\u00fctzter Objekte bleibt allein bei der EAAZE GmbH. Eine Vervielf\u00e4ltigung oder Verwendung solcher Grafiken, Tondokumente, Videosequenzen und Texte in anderen elektronischen oder gedruckten Publikationen ist ohne ausdr\u00fcckliche Zustimmung der EAAZE GmbH nicht gestattet<\/p><p>[\/et_pb_text][et_pb_text _builder_version=\"4.16\" global_colors_info=\"{}\"]<\/p><h5>Haftung<\/h5><p class=\"container-fluid\">Die EAAZE GmbH \u00fcbernimmt keinerlei Gew\u00e4hr f\u00fcr die Vollst\u00e4ndigkeit, Aktualit\u00e4t oder Qualit\u00e4t der bereitgestellten Informationen. Haftungsanspr\u00fcche gegen die EAAZE GmbH f\u00fcr Sch\u00e4den, die durch die Nutzung oder Nichtnutzung der dargebotenen Informationen bzw. durch die Nutzung fehlerhafter und unvollst\u00e4ndiger Informationen verursacht wurden, sind ausgeschlossen. Alle Angebote sind als \"Invitatio ad offerendum\" (Einladung zur Abgabe eines Angebotes) zu verstehen. Inhalte auf fremden Internetseiten, auf die durch direkte oder indirekte Links verwiesen wird, liegen au\u00dferhalb des Verantwortungsbereiches der EAAZE GmbH. Die EAAZE GmbH erkl\u00e4rt, dass zum Zeitpunkt der Linksetzung die entsprechenden verlinkten Seiten frei von unzul\u00e4ssigen Inhalten waren. Sollten nach der Verlinkung nachtr\u00e4glich unzul\u00e4ssige Inhalte eingebracht werden, distanziert sich die EAAZE GmbH ausdr\u00fccklich von entsprechenden Inhalten. Nach Bekanntwerden wird die EAAZE GmbH entsprechende Links unverz\u00fcglich entfernen. Dies gilt ebenso f\u00fcr alle Fremdeintr\u00e4ge in von der EAAZE GmbH eingerichteten G\u00e4steb\u00fcchern, Diskussionsforen etc.<\/p><p>[\/et_pb_text][\/et_pb_column][\/et_pb_row][\/et_pb_section]<\/p>","_et_gb_content_width":"","inline_featured_image":false,"footnotes":""},"class_list":["post-245353","page","type-page","status-publish","hentry"],"acf":[],"yoast_head":"<!-- This site is optimized with the Yoast SEO plugin v27.4 - https:\/\/yoast.com\/product\/yoast-seo-wordpress\/ -->\n<title>Imprint - EAAZE<\/title>\n<meta name=\"robots\" content=\"index, follow, max-snippet:-1, max-image-preview:large, max-video-preview:-1\" \/>\n<link rel=\"canonical\" href=\"https:\/\/eaaze.de\/en\/impressum\/\" \/>\n<meta property=\"og:locale\" content=\"en_US\" \/>\n<meta property=\"og:type\" content=\"article\" \/>\n<meta property=\"og:title\" content=\"Imprint - EAAZE\" \/>\n<meta property=\"og:description\" content=\"ImprintResponsible for the content EAAZE GmbH Am Mittelhafen 32D-48155 M\u00fcnster Telephone: +49 251 37809780 Email: info@eaaze.deInternet:\u00a0www.eaaze.de Legal form: Limited liability company (GmbH)Managing Director: Roland AlbersCommercial register: M\u00fcnster Local Court, HRB 19578 VAT ID No.: DE317256909Tax No.: 5346\/5840\/2838 If you have any questions, suggestions or technical problems, please send an email to info@eaaze.deLegal notices &nbsp;Copyright EAAZE [&hellip;]\" \/>\n<meta property=\"og:url\" content=\"https:\/\/eaaze.de\/en\/impressum\/\" \/>\n<meta property=\"og:site_name\" content=\"EAAZE\" \/>\n<meta property=\"article:modified_time\" content=\"2025-10-24T13:16:28+00:00\" \/>\n<meta name=\"twitter:card\" content=\"summary_large_image\" \/>\n<meta name=\"twitter:label1\" content=\"Est. reading time\" \/>\n\t<meta name=\"twitter:data1\" content=\"3 minutes\" \/>\n<script type=\"application\/ld+json\" class=\"yoast-schema-graph\">{\"@context\":\"https:\\\/\\\/schema.org\",\"@graph\":[{\"@type\":\"WebPage\",\"@id\":\"https:\\\/\\\/eaaze.de\\\/en\\\/impressum\\\/\",\"url\":\"https:\\\/\\\/eaaze.de\\\/en\\\/impressum\\\/\",\"name\":\"Imprint - EAAZE\",\"isPartOf\":{\"@id\":\"https:\\\/\\\/eaaze.de\\\/#website\"},\"datePublished\":\"2020-03-11T09:57:58+00:00\",\"dateModified\":\"2025-10-24T13:16:28+00:00\",\"breadcrumb\":{\"@id\":\"https:\\\/\\\/eaaze.de\\\/en\\\/impressum\\\/#breadcrumb\"},\"inLanguage\":\"en-US\",\"potentialAction\":[{\"@type\":\"ReadAction\",\"target\":[\"https:\\\/\\\/eaaze.de\\\/en\\\/impressum\\\/\"]}]},{\"@type\":\"BreadcrumbList\",\"@id\":\"https:\\\/\\\/eaaze.de\\\/en\\\/impressum\\\/#breadcrumb\",\"itemListElement\":[{\"@type\":\"ListItem\",\"position\":1,\"name\":\"Startseite\",\"item\":\"https:\\\/\\\/eaaze.de\\\/\"},{\"@type\":\"ListItem\",\"position\":2,\"name\":\"Imprint\"}]},{\"@type\":\"WebSite\",\"@id\":\"https:\\\/\\\/eaaze.de\\\/#website\",\"url\":\"https:\\\/\\\/eaaze.de\\\/\",\"name\":\"EAAZE\",\"description\":\"e-mobility solutions\",\"publisher\":{\"@id\":\"https:\\\/\\\/eaaze.de\\\/#organization\"},\"potentialAction\":[{\"@type\":\"SearchAction\",\"target\":{\"@type\":\"EntryPoint\",\"urlTemplate\":\"https:\\\/\\\/eaaze.de\\\/?s={search_term_string}\"},\"query-input\":{\"@type\":\"PropertyValueSpecification\",\"valueRequired\":true,\"valueName\":\"search_term_string\"}}],\"inLanguage\":\"en-US\"},{\"@type\":\"Organization\",\"@id\":\"https:\\\/\\\/eaaze.de\\\/#organization\",\"name\":\"EAAZE\",\"url\":\"https:\\\/\\\/eaaze.de\\\/\",\"logo\":{\"@type\":\"ImageObject\",\"inLanguage\":\"en-US\",\"@id\":\"https:\\\/\\\/eaaze.de\\\/#\\\/schema\\\/logo\\\/image\\\/\",\"url\":\"https:\\\/\\\/eaaze.de\\\/wp-content\\\/uploads\\\/2025\\\/08\\\/Logo_EAAZE.svg\",\"contentUrl\":\"https:\\\/\\\/eaaze.de\\\/wp-content\\\/uploads\\\/2025\\\/08\\\/Logo_EAAZE.svg\",\"width\":\"1024\",\"height\":\"1024\",\"caption\":\"EAAZE\"},\"image\":{\"@id\":\"https:\\\/\\\/eaaze.de\\\/#\\\/schema\\\/logo\\\/image\\\/\"}}]}<\/script>\n<!-- \/ Yoast SEO plugin. -->","yoast_head_json":{"title":"Imprint - EAAZE","robots":{"index":"index","follow":"follow","max-snippet":"max-snippet:-1","max-image-preview":"max-image-preview:large","max-video-preview":"max-video-preview:-1"},"canonical":"https:\/\/eaaze.de\/en\/impressum\/","og_locale":"en_US","og_type":"article","og_title":"Imprint - EAAZE","og_description":"ImprintResponsible for the content EAAZE GmbH Am Mittelhafen 32D-48155 M\u00fcnster Telephone: +49 251 37809780 Email: info@eaaze.deInternet:\u00a0www.eaaze.de Legal form: Limited liability company (GmbH)Managing Director: Roland AlbersCommercial register: M\u00fcnster Local Court, HRB 19578 VAT ID No.: DE317256909Tax No.: 5346\/5840\/2838 If you have any questions, suggestions or technical problems, please send an email to info@eaaze.deLegal notices &nbsp;Copyright EAAZE [&hellip;]","og_url":"https:\/\/eaaze.de\/en\/impressum\/","og_site_name":"EAAZE","article_modified_time":"2025-10-24T13:16:28+00:00","twitter_card":"summary_large_image","twitter_misc":{"Est. reading time":"3 minutes"},"schema":{"@context":"https:\/\/schema.org","@graph":[{"@type":"WebPage","@id":"https:\/\/eaaze.de\/en\/impressum\/","url":"https:\/\/eaaze.de\/en\/impressum\/","name":"Imprint - EAAZE","isPartOf":{"@id":"https:\/\/eaaze.de\/#website"},"datePublished":"2020-03-11T09:57:58+00:00","dateModified":"2025-10-24T13:16:28+00:00","breadcrumb":{"@id":"https:\/\/eaaze.de\/en\/impressum\/#breadcrumb"},"inLanguage":"en-US","potentialAction":[{"@type":"ReadAction","target":["https:\/\/eaaze.de\/en\/impressum\/"]}]},{"@type":"BreadcrumbList","@id":"https:\/\/eaaze.de\/en\/impressum\/#breadcrumb","itemListElement":[{"@type":"ListItem","position":1,"name":"Startseite","item":"https:\/\/eaaze.de\/"},{"@type":"ListItem","position":2,"name":"Imprint"}]},{"@type":"WebSite","@id":"https:\/\/eaaze.de\/#website","url":"https:\/\/eaaze.de\/","name":"EAAZE","description":"e-mobility solutions","publisher":{"@id":"https:\/\/eaaze.de\/#organization"},"potentialAction":[{"@type":"SearchAction","target":{"@type":"EntryPoint","urlTemplate":"https:\/\/eaaze.de\/?s={search_term_string}"},"query-input":{"@type":"PropertyValueSpecification","valueRequired":true,"valueName":"search_term_string"}}],"inLanguage":"en-US"},{"@type":"Organization","@id":"https:\/\/eaaze.de\/#organization","name":"EAAZE","url":"https:\/\/eaaze.de\/","logo":{"@type":"ImageObject","inLanguage":"en-US","@id":"https:\/\/eaaze.de\/#\/schema\/logo\/image\/","url":"https:\/\/eaaze.de\/wp-content\/uploads\/2025\/08\/Logo_EAAZE.svg","contentUrl":"https:\/\/eaaze.de\/wp-content\/uploads\/2025\/08\/Logo_EAAZE.svg","width":"1024","height":"1024","caption":"EAAZE"},"image":{"@id":"https:\/\/eaaze.de\/#\/schema\/logo\/image\/"}}]}},"_links":{"self":[{"href":"https:\/\/eaaze.de\/en\/wp-json\/wp\/v2\/pages\/245353","targetHints":{"allow":["GET"]}}],"collection":[{"href":"https:\/\/eaaze.de\/en\/wp-json\/wp\/v2\/pages"}],"about":[{"href":"https:\/\/eaaze.de\/en\/wp-json\/wp\/v2\/types\/page"}],"author":[{"embeddable":true,"href":"https:\/\/eaaze.de\/en\/wp-json\/wp\/v2\/users\/2"}],"replies":[{"embeddable":true,"href":"https:\/\/eaaze.de\/en\/wp-json\/wp\/v2\/comments?post=245353"}],"version-history":[{"count":5,"href":"https:\/\/eaaze.de\/en\/wp-json\/wp\/v2\/pages\/245353\/revisions"}],"predecessor-version":[{"id":245361,"href":"https:\/\/eaaze.de\/en\/wp-json\/wp\/v2\/pages\/245353\/revisions\/245361"}],"wp:attachment":[{"href":"https:\/\/eaaze.de\/en\/wp-json\/wp\/v2\/media?parent=245353"}],"curies":[{"name":"wp","href":"https:\/\/api.w.org\/{rel}","templated":true}]}}